{"id":634,"date":"2025-04-30T10:30:55","date_gmt":"2025-04-30T10:30:55","guid":{"rendered":"https:\/\/smssemas.com\/?page_id=634"},"modified":"2025-04-30T10:38:01","modified_gmt":"2025-04-30T10:38:01","slug":"videolar","status":"publish","type":"page","link":"https:\/\/smssemas.com\/de\/videos\/","title":{"rendered":"Videos"},"content":{"rendered":"<p>[et_pb_section fb_built=&#8221;1&#8243; custom_padding_last_edited=&#8221;on|tablet&#8221; _builder_version=&#8221;4.27.4&#8243; _module_preset=&#8221;default&#8221; background_image=&#8221;https:\/\/smssemas.com\/wp-content\/uploads\/2025\/03\/video-bg.webp&#8221; parallax=&#8221;on&#8221; parallax_method=&#8221;off&#8221; custom_padding=&#8221;33px||130px||false|false&#8221; custom_padding_tablet=&#8221;80px||80px||true|false&#8221; custom_padding_phone=&#8221;40px||40px||true|false&#8221; hover_enabled=&#8221;0&#8243; global_colors_info=&#8221;{}&#8221; locked=&#8221;off&#8221; theme_builder_area=&#8221;post_content&#8221; sticky_enabled=&#8221;0&#8243;][et_pb_row column_structure=&#8221;1_2,1_2&#8243; _builder_version=&#8221;4.24.3&#8243; _module_preset=&#8221;default&#8221; width_tablet=&#8221;85%&#8221; width_phone=&#8221;90%&#8221; width_last_edited=&#8221;on|tablet&#8221; custom_padding=&#8221;0px||0px||true|false&#8221; global_colors_info=&#8221;{}&#8221; theme_builder_area=&#8221;post_content&#8221;][et_pb_column type=&#8221;1_2&#8243; _builder_version=&#8221;4.24.3&#8243; _module_preset=&#8221;default&#8221; global_colors_info=&#8221;{}&#8221; theme_builder_area=&#8221;post_content&#8221;][df_adh_heading title_prefix=&#8221;\u00c7al\u0131\u015fma&#8221; title_prefix_block=&#8221;inline&#8221; title_infix=&#8221;Videolar\u0131&#8221; title_infix_block=&#8221;inline&#8221; heading_padding=&#8221;||0px||false|false&#8221; _builder_version=&#8221;4.27.0&#8243; _module_preset=&#8221;default&#8221; title_level=&#8221;h2&#8243; title_font=&#8221;Urbanist|600|||||||&#8221; title_text_color=&#8221;#002916&#8243; title_font_size=&#8221;48px&#8221; title_line_height=&#8221;57.6px&#8221; t_infix_font=&#8221;|700|||on|||#E02B20|&#8221; t_infix_text_color=&#8221;#E02B20&#8243; title_font_size_tablet=&#8221;40px&#8221; title_font_size_phone=&#8221;32px&#8221; title_font_size_last_edited=&#8221;on|tablet&#8221; title_line_height_tablet=&#8221;50px&#8221; title_line_height_phone=&#8221;42px&#8221; title_line_height_last_edited=&#8221;on|tablet&#8221; global_colors_info=&#8221;{}&#8221; theme_builder_area=&#8221;post_content&#8221;][\/df_adh_heading][\/et_pb_column][et_pb_column type=&#8221;1_2&#8243; _builder_version=&#8221;4.24.3&#8243; _module_preset=&#8221;default&#8221; global_colors_info=&#8221;{}&#8221; theme_builder_area=&#8221;post_content&#8221;][et_pb_text _builder_version=&#8221;4.24.3&#8243; _module_preset=&#8221;default&#8221; text_font=&#8221;Urbanist||||||||&#8221; text_text_color=&#8221;#455F53&#8243; text_font_size=&#8221;16px&#8221; text_line_height=&#8221;25.6px&#8221; max_width=&#8221;478px&#8221; max_width_tablet=&#8221;100%&#8221; max_width_phone=&#8221;100%&#8221; max_width_last_edited=&#8221;on|tablet&#8221; module_alignment=&#8221;right&#8221; text_font_size_tablet=&#8221;15px&#8221; text_font_size_phone=&#8221;14px&#8221; text_font_size_last_edited=&#8221;on|phone&#8221; text_line_height_tablet=&#8221;25px&#8221; text_line_height_phone=&#8221;24px&#8221; text_line_height_last_edited=&#8221;on|tablet&#8221; module_alignment_tablet=&#8221;left&#8221; module_alignment_phone=&#8221;left&#8221; module_alignment_last_edited=&#8221;on|tablet&#8221; global_colors_info=&#8221;{}&#8221; theme_builder_area=&#8221;post_content&#8221;]<\/p>\n<p>SmsSemas-Maschinen <strong data-start=\"51\" data-end=\"83\">seine herausragenden Leistungen auf dem Spielfeld<\/strong> Achtung! <strong data-start=\"93\" data-end=\"142\">Sonnenblumen- und K\u00fcrbiskernpfl\u00fcckmaschinen<\/strong>von <strong data-start=\"146\" data-end=\"186\">schneller, effizienter und pr\u00e4ziser Betrieb<\/strong> Schauen Sie sich unsere Videos an, um einen genaueren Einblick zu erhalten.<\/p>\n<p>[\/et_pb_text][\/et_pb_column][\/et_pb_row][et_pb_row custom_padding_last_edited=&#8221;on|phone&#8221; _builder_version=&#8221;4.27.0&#8243; _module_preset=&#8221;default&#8221; width_tablet=&#8221;85%&#8221; width_phone=&#8221;90%&#8221; width_last_edited=&#8221;on|tablet&#8221; module_alignment=&#8221;center&#8221; custom_padding=&#8221;64px||0px||false|false&#8221; custom_padding_tablet=&#8221;40px||0px||false|false&#8221; custom_padding_phone=&#8221;20px||0px||false|false&#8221; global_colors_info=&#8221;{}&#8221; theme_builder_area=&#8221;post_content&#8221;][et_pb_column type=&#8221;4_4&#8243; _builder_version=&#8221;4.24.3&#8243; _module_preset=&#8221;default&#8221; global_colors_info=&#8221;{}&#8221; theme_builder_area=&#8221;post_content&#8221;][et_pb_video_slider _builder_version=&#8221;4.27.4&#8243; _module_preset=&#8221;default&#8221; width=&#8221;80%&#8221; module_alignment=&#8221;center&#8221; hover_enabled=&#8221;0&#8243; border_radii=&#8221;on|24px|24px|24px|24px&#8221; box_shadow_style=&#8221;preset3&#8243; global_colors_info=&#8221;{}&#8221; sticky_enabled=&#8221;0&#8243; theme_builder_area=&#8221;post_content&#8221;][et_pb_video_slider_item src=&#8221;https:\/\/youtu.be\/GbVn-5s-Z44&#8243; _builder_version=&#8221;4.27.4&#8243; _module_preset=&#8221;default&#8221; hover_enabled=&#8221;0&#8243; global_colors_info=&#8221;{}&#8221; show_image_overlay=&#8221;off&#8221; sticky_enabled=&#8221;0&#8243; theme_builder_area=&#8221;post_content&#8221;][\/et_pb_video_slider_item][et_pb_video_slider_item src=&#8221;https:\/\/youtu.be\/DPhg_VgRqu4&#8243; _builder_version=&#8221;4.27.4&#8243; _module_preset=&#8221;default&#8221; hover_enabled=&#8221;0&#8243; global_colors_info=&#8221;{}&#8221; show_image_overlay=&#8221;off&#8221; sticky_enabled=&#8221;0&#8243; theme_builder_area=&#8221;post_content&#8221;][\/et_pb_video_slider_item][et_pb_video_slider_item src=&#8221;https:\/\/youtu.be\/lP2pgzrQdoQ&#8221; _builder_version=&#8221;4.27.4&#8243; _module_preset=&#8221;default&#8221; hover_enabled=&#8221;0&#8243; global_colors_info=&#8221;{}&#8221; show_image_overlay=&#8221;off&#8221; sticky_enabled=&#8221;0&#8243; theme_builder_area=&#8221;post_content&#8221;][\/et_pb_video_slider_item][et_pb_video_slider_item src=&#8221;https:\/\/smssemas.com\/wp-content\/uploads\/2025\/04\/DJI_0005.mov&#8221; _builder_version=&#8221;4.27.4&#8243; _module_preset=&#8221;default&#8221; hover_enabled=&#8221;0&#8243; global_colors_info=&#8221;{}&#8221; show_image_overlay=&#8221;off&#8221; sticky_enabled=&#8221;0&#8243; theme_builder_area=&#8221;post_content&#8221;][\/et_pb_video_slider_item][\/et_pb_video_slider][\/et_pb_column][\/et_pb_row][\/et_pb_section]<\/p>","protected":false},"excerpt":{"rendered":"<p><div class=\"et_pb_module df_adh_heading df_adh_heading_0\">\n\t\t\t\t\n\t\t\t\t\n\t\t\t\t\n\t\t\t\t\n\t\t\t\t\n\t\t\t\t\n\t\t\t\t<div class=\"et_pb_module_inner\">\n\t\t\t\t\t<div class=\"df-heading-container\">\r\n                \r\n                \r\n                <h2 class=\"df-heading\"><span class=\"prefix\">Studie<\/span> <span class=\"infix\">Videos<\/span> <\/h2>\r\n                \r\n            <\/div>\n\t\t\t\t<\/div>\n\t\t\t<\/div>SmsSemas makinelerinin sahadaki \u00fcst\u00fcn performans\u0131n\u0131 izleyin! Ay\u00e7i\u00e7ek ve Kabak \u00c7ekirde\u011fi Toplama Makinelerinin h\u0131zl\u0131, verimli ve hassas \u00e7al\u0131\u015fmas\u0131n\u0131 yak\u0131ndan g\u00f6rmek i\u00e7in videolar\u0131m\u0131za g\u00f6z at\u0131n.<\/p>","protected":false},"author":1,"featured_media":0,"parent":0,"menu_order":0,"comment_status":"closed","ping_status":"closed","template":"","meta":{"_et_pb_use_builder":"on","_et_pb_old_content":"<!-- wp:divi\/placeholder \/-->","_et_gb_content_width":"","footnotes":""},"difl_page_category":[],"class_list":["post-634","page","type-page","status-publish","hentry"],"_links":{"self":[{"href":"https:\/\/smssemas.com\/de\/wp-json\/wp\/v2\/pages\/634","targetHints":{"allow":["GET"]}}],"collection":[{"href":"https:\/\/smssemas.com\/de\/wp-json\/wp\/v2\/pages"}],"about":[{"href":"https:\/\/smssemas.com\/de\/wp-json\/wp\/v2\/types\/page"}],"author":[{"embeddable":true,"href":"https:\/\/smssemas.com\/de\/wp-json\/wp\/v2\/users\/1"}],"replies":[{"embeddable":true,"href":"https:\/\/smssemas.com\/de\/wp-json\/wp\/v2\/comments?post=634"}],"version-history":[{"count":4,"href":"https:\/\/smssemas.com\/de\/wp-json\/wp\/v2\/pages\/634\/revisions"}],"predecessor-version":[{"id":638,"href":"https:\/\/smssemas.com\/de\/wp-json\/wp\/v2\/pages\/634\/revisions\/638"}],"wp:attachment":[{"href":"https:\/\/smssemas.com\/de\/wp-json\/wp\/v2\/media?parent=634"}],"wp:term":[{"taxonomy":"difl_page_category","embeddable":true,"href":"https:\/\/smssemas.com\/de\/wp-json\/wp\/v2\/difl_page_category?post=634"}],"curies":[{"name":"wp","href":"https:\/\/api.w.org\/{rel}","templated":true}]}}