{"id":396,"date":"2025-03-31T16:56:07","date_gmt":"2025-03-31T16:56:07","guid":{"rendered":"https:\/\/smssemas.com\/?page_id=396"},"modified":"2025-05-15T18:10:21","modified_gmt":"2025-05-15T18:10:21","slug":"iletisim","status":"publish","type":"page","link":"https:\/\/smssemas.com\/de\/kommunikation\/","title":{"rendered":"Kontakt"},"content":{"rendered":"<p>[et_pb_section fb_built=&#8221;1&#8243; custom_padding_last_edited=&#8221;on|tablet&#8221; _builder_version=&#8221;4.27.4&#8243; _module_preset=&#8221;default&#8221; background_enable_image=&#8221;off&#8221; custom_padding=&#8221;15px||82px||false|false&#8221; custom_padding_tablet=&#8221;80px||80px||true|false&#8221; custom_padding_phone=&#8221;40px||40px||true|false&#8221; global_colors_info=&#8221;{}&#8221;][et_pb_row column_structure=&#8221;1_2,1_2&#8243; _builder_version=&#8221;4.27.4&#8243; _module_preset=&#8221;default&#8221; background_color=&#8221;gcid-f7f9b0d1-d969-4e89-85e1-9c687c7420e1&#8243; background_image=&#8221;https:\/\/smssemas.com\/wp-content\/uploads\/2025\/03\/bradcamp-bg-2.webp&#8221; background_position=&#8221;bottom_center&#8221; background_vertical_offset=&#8221;41%&#8221; custom_margin=&#8221;14px||14px||true|false&#8221; custom_padding=&#8221;29px||16px|28px|false|false&#8221; border_radii=&#8221;on|10px|10px|10px|10px&#8221; locked=&#8221;off&#8221; global_colors_info=&#8221;{%22gcid-f7f9b0d1-d969-4e89-85e1-9c687c7420e1%22:%91%22background_color%22%93}&#8221;][et_pb_column type=&#8221;1_2&#8243; _builder_version=&#8221;4.27.4&#8243; _module_preset=&#8221;default&#8221; global_colors_info=&#8221;{}&#8221;][et_pb_text _builder_version=&#8221;4.27.4&#8243; _dynamic_attributes=&#8221;content&#8221; _module_preset=&#8221;default&#8221; header_font=&#8221;&#8211;et_global_body_font|900|||||||&#8221; header_text_color=&#8221;#FFFFFF&#8221; global_colors_info=&#8221;{}&#8221;]@ET-DC@eyJkeW5hbWljIjp0cnVlLCJjb250ZW50IjoicG9zdF90aXRsZSIsInNldHRpbmdzIjp7ImJlZm9yZSI6IjxoMT4iLCJhZnRlciI6IjwvaDE+In19@[\/et_pb_text][\/et_pb_column][et_pb_column type=&#8221;1_2&#8243; _builder_version=&#8221;4.27.4&#8243; _module_preset=&#8221;default&#8221; global_colors_info=&#8221;{}&#8221;][difl_breadcrumbs separator_background_bgcolor=&#8221;RGBA(255,255,255,0)&#8221; separator_text=&#8221;\/&#8221; separator_icon_color=&#8221;#FFFFFF&#8221; separator_icon_font_size=&#8221;3px&#8221; home_background_bgcolor=&#8221;RGBA(255,255,255,0)&#8221; home_text=&#8221;Home&#8221; use_home_icon=&#8221;on&#8221; home_icon_color=&#8221;#E02B20&#8243; alignment=&#8221;right&#8221; _builder_version=&#8221;4.27.4&#8243; _module_preset=&#8221;default&#8221; pages_font_text_color=&#8221;#FFFFFF&#8221; separator_text_font_font=&#8221;|600|||||||&#8221; separator_text_font_text_color=&#8221;#FFFFFF&#8221; global_colors_info=&#8221;{}&#8221;][\/difl_breadcrumbs][\/et_pb_column][\/et_pb_row][et_pb_row _builder_version=&#8221;4.24.2&#8243; _module_preset=&#8221;default&#8221; width_tablet=&#8221;85%&#8221; width_phone=&#8221;90%&#8221; width_last_edited=&#8221;on|tablet&#8221; custom_padding=&#8221;0px||0px||true|false&#8221; global_colors_info=&#8221;{}&#8221;][et_pb_column type=&#8221;4_4&#8243; _builder_version=&#8221;4.24.2&#8243; _module_preset=&#8221;default&#8221; global_colors_info=&#8221;{}&#8221;][df_adh_heading title_prefix=&#8221;Bizimle&#8221; title_prefix_block=&#8221;inline&#8221; title_infix=&#8221;\u0130leti\u015fime Ge\u00e7in&#8221; title_infix_block=&#8221;inline&#8221; heading_padding=&#8221;||0px||false|false&#8221; prefix_padding=&#8221;||0px||false|false&#8221; infix_padding=&#8221;||0px||false|false&#8221; _builder_version=&#8221;4.27.4&#8243; _module_preset=&#8221;default&#8221; title_level=&#8221;h2&#8243; title_font=&#8221;Urbanist|600|||||||&#8221; title_text_align=&#8221;center&#8221; title_text_color=&#8221;#002916&#8243; title_font_size=&#8221;46px&#8221; title_line_height=&#8221;57.6px&#8221; t_prefix_font=&#8221;||||on|||RGBA(255,255,255,0)|&#8221; t_prefix_text_color=&#8221;#002916&#8243; t_infix_font=&#8221;|800|||||||&#8221; t_infix_text_color=&#8221;#E02B20&#8243; custom_margin=&#8221;||16px||false|false&#8221; custom_margin_tablet=&#8221;||||false|false&#8221; custom_margin_phone=&#8221;||16px||false|false&#8221; custom_margin_last_edited=&#8221;on|desktop&#8221; title_font_size_tablet=&#8221;40px&#8221; title_font_size_phone=&#8221;32px&#8221; title_font_size_last_edited=&#8221;on|phone&#8221; title_line_height_tablet=&#8221;50px&#8221; title_line_height_phone=&#8221;42px&#8221; title_line_height_last_edited=&#8221;on|desktop&#8221; locked=&#8221;off&#8221; global_colors_info=&#8221;{}&#8221;][\/df_adh_heading][et_pb_text _builder_version=&#8221;4.27.4&#8243; _module_preset=&#8221;default&#8221; text_font=&#8221;Urbanist||||||||&#8221; text_text_color=&#8221;#455F53&#8243; text_font_size=&#8221;16px&#8221; text_line_height=&#8221;25.6px&#8221; text_orientation=&#8221;center&#8221; max_width=&#8221;800px&#8221; module_alignment=&#8221;center&#8221; text_font_size_tablet=&#8221;15px&#8221; text_font_size_phone=&#8221;14px&#8221; text_font_size_last_edited=&#8221;on|phone&#8221; text_line_height_tablet=&#8221;25px&#8221; text_line_height_phone=&#8221;24px&#8221; text_line_height_last_edited=&#8221;on|desktop&#8221; global_colors_info=&#8221;{}&#8221;]<\/p>\n<p>Als SmsSemas, sind wir hier, um Ihnen den besten Service zu bieten! Sie k\u00f6nnen uns kontaktieren, um Informationen \u00fcber unsere Produkte, technische Unterst\u00fctzung oder Zusammenarbeit zu erhalten.<\/p>\n<p>[\/et_pb_text][\/et_pb_column][\/et_pb_row][et_pb_row column_structure=&#8221;1_3,2_3&#8243; make_equal=&#8221;on&#8221; _builder_version=&#8221;4.27.4&#8243; _module_preset=&#8221;default&#8221; width_tablet=&#8221;85%&#8221; width_phone=&#8221;90%&#8221; width_last_edited=&#8221;on|phone&#8221; custom_padding=&#8221;0px||0px|60px|true|false&#8221; border_radii=&#8221;on|16px|16px|16px|16px&#8221; border_width_all=&#8221;1px&#8221; border_color_all=&#8221;#ecefee&#8221; box_shadow_style=&#8221;preset1&#8243; box_shadow_vertical=&#8221;16px&#8221; box_shadow_blur=&#8221;32px&#8221; box_shadow_color=&#8221;rgba(27,92,60,0.08)&#8221; locked=&#8221;off&#8221; global_colors_info=&#8221;{}&#8221;][et_pb_column type=&#8221;1_3&#8243; _builder_version=&#8221;4.27.4&#8243; _module_preset=&#8221;default&#8221; custom_css_main_element=&#8221;margin: auto;||align-items: center;&#8221; global_colors_info=&#8221;{}&#8221;][et_pb_text _builder_version=&#8221;4.27.4&#8243; _module_preset=&#8221;default&#8221; text_font_size=&#8221;18px&#8221; global_colors_info=&#8221;{}&#8221;]<\/p>\n<h3 data-start=\"190\" data-end=\"213\" class=\"\"><strong data-start=\"194\" data-end=\"211\">\ud83d\udccd Anschrift:<\/strong><\/h3>\n<p data-start=\"214\" data-end=\"240\" class=\"\">3. organisierte Industriezone. 20 Sokak No:24 Sel\u00e7uklu\/Konya \/ T\u00dcRKEI<\/p>\n<h3 data-start=\"242\" data-end=\"263\" class=\"\"><strong data-start=\"246\" data-end=\"261\"><\/strong><\/h3>\n<h3 data-start=\"242\" data-end=\"263\" class=\"\"><strong data-start=\"246\" data-end=\"261\"><\/strong><\/h3>\n<h3 data-start=\"242\" data-end=\"263\" class=\"\"><strong data-start=\"246\" data-end=\"261\">\ud83d\udcde Telefon:<\/strong><\/h3>\n<p data-start=\"264\" data-end=\"294\" class=\"\">+90 332 501 55 05<\/p>\n<h3 data-start=\"296\" data-end=\"317\" class=\"\"><strong data-start=\"300\" data-end=\"315\"><\/strong><\/h3>\n<h3 data-start=\"296\" data-end=\"317\" class=\"\"><strong data-start=\"300\" data-end=\"315\"><\/strong><\/h3>\n<h3 data-start=\"296\" data-end=\"317\" class=\"\"><strong data-start=\"300\" data-end=\"315\">\ud83d\udce7 E-Mail:<\/strong><\/h3>\n<p data-start=\"318\" data-end=\"346\" class=\"\"><a href=\"mailto:info@smssemas.com\">info@smssemas.com<\/a><\/p>\n<h3 data-start=\"348\" data-end=\"378\" class=\"\"><strong data-start=\"352\" data-end=\"376\">\ud83d\udd52 Arbeitszeiten:<\/strong><\/h3>\n<p data-start=\"379\" data-end=\"476\" class=\"\">\ud83d\udd58 <strong data-start=\"382\" data-end=\"396\">Wochentage<\/strong> 08:00 - 18:00<br data-start=\"410\" data-end=\"413\" \/>\ud83d\udd58 <strong data-start=\"416\" data-end=\"430\">Samstag:<\/strong> 08:00 - 14:00<br data-start=\"444\" data-end=\"447\" \/>\u26d4 <strong data-start=\"449\" data-end=\"474\">Sonntags geschlossen.<\/strong><\/p>\n<p>[\/et_pb_text][\/et_pb_column][et_pb_column type=&#8221;2_3&#8243; _builder_version=&#8221;4.24.3&#8243; _module_preset=&#8221;default&#8221; custom_padding=&#8221;64px|56px|64px|64px|true|false&#8221; custom_padding_tablet=&#8221;40px|40px|40px|40px|true|true&#8221; custom_padding_phone=&#8221;20px|20px|20px|20px|true|true&#8221; custom_padding_last_edited=&#8221;on|tablet&#8221; global_colors_info=&#8221;{}&#8221;][et_pb_text _builder_version=&#8221;4.27.4&#8243; _module_preset=&#8221;default&#8221; text_font=&#8221;Urbanist||||||||&#8221; text_text_color=&#8221;#455F53&#8243; text_font_size=&#8221;24px&#8221; text_line_height=&#8221;25.6px&#8221; max_width=&#8221;520px&#8221; module_alignment=&#8221;left&#8221; custom_margin=&#8221;||32px||false|false&#8221; custom_margin_tablet=&#8221;||26px||false|false&#8221; custom_margin_phone=&#8221;||20px||false|false&#8221; custom_margin_last_edited=&#8221;on|tablet&#8221; text_font_size_tablet=&#8221;15px&#8221; text_font_size_phone=&#8221;14px&#8221; text_font_size_last_edited=&#8221;on|phone&#8221; text_line_height_tablet=&#8221;25px&#8221; text_line_height_phone=&#8221;24px&#8221; text_line_height_last_edited=&#8221;on|tablet&#8221; global_colors_info=&#8221;{}&#8221;]<\/p>\n<p>Kontakt-Formular<\/p>\n<p>[\/et_pb_text][et_pb_contact_form captcha=&#8221;off&#8221; submit_button_text=&#8221;G\u00d6NDER&#8221; module_class=&#8221;contact_form&#8221; _builder_version=&#8221;4.27.4&#8243; _module_preset=&#8221;default&#8221; _unique_id=&#8221;f80acb82-ebf3-4820-ad12-495f9dbc6887&#8243; form_field_background_color=&#8221;gcid-f7f9b0d1-d969-4e89-85e1-9c687c7420e1&#8243; form_field_text_color=&#8221;#455F53&#8243; form_field_focus_background_color=&#8221;#f2f8f5&#8243; form_field_focus_text_color=&#8221;#455F53&#8243; form_field_custom_padding=&#8221;13px|20px|13px|20px|true|true&#8221; form_field_custom_padding_tablet=&#8221;10px|15px|10px|15px|true|true&#8221; form_field_custom_padding_phone=&#8221;|10px||10px|true|true&#8221; form_field_custom_padding_last_edited=&#8221;on|tablet&#8221; form_field_font=&#8221;Urbanist||||||||&#8221; form_field_font_size=&#8221;16px&#8221; form_field_line_height=&#8221;25.6px&#8221; custom_button=&#8221;on&#8221; button_text_size=&#8221;16px&#8221; button_text_color=&#8221;#FFFFFF&#8221; button_bg_color=&#8221;#E02B20&#8243; button_border_width=&#8221;0px&#8221; button_border_radius=&#8221;8px&#8221; button_font=&#8221;Urbanist|700|||||||&#8221; button_use_icon=&#8221;off&#8221; button_custom_margin=&#8221;30px||||false|false&#8221; button_custom_margin_tablet=&#8221;26px||||false|false&#8221; button_custom_margin_phone=&#8221;15px||||false|false&#8221; button_custom_margin_last_edited=&#8221;on|tablet&#8221; button_custom_padding=&#8221;14px|32px|14px|32px|true|true&#8221; button_custom_padding_tablet=&#8221;12px|26px|12px|26px|true|true&#8221; button_custom_padding_phone=&#8221;10px|24px|10px|24px|true|true&#8221; button_custom_padding_last_edited=&#8221;on|tablet&#8221; form_field_font_size_tablet=&#8221;15px&#8221; form_field_font_size_phone=&#8221;14px&#8221; form_field_font_size_last_edited=&#8221;on|tablet&#8221; form_field_line_height_tablet=&#8221;25px&#8221; form_field_line_height_phone=&#8221;24px&#8221; form_field_line_height_last_edited=&#8221;on|tablet&#8221; button_text_size_tablet=&#8221;15px&#8221; button_text_size_phone=&#8221;14px&#8221; button_text_size_last_edited=&#8221;on|tablet&#8221; custom_css_free_form=&#8221;.contact_form .et_contact_bottom_container {||    float: left;||}&#8221; border_radii=&#8221;on|8px|8px|8px|8px&#8221; border_width_all=&#8221;1px&#8221; border_color_all=&#8221;#ecefee&#8221; global_colors_info=&#8221;{%22gcid-f7f9b0d1-d969-4e89-85e1-9c687c7420e1%22:%91%22form_field_background_color%22%93}&#8221; button_bg_color__hover_enabled=&#8221;on|desktop&#8221; button_bg_color__hover=&#8221;#000000&#8243; button_bg_enable_color__hover=&#8221;on&#8221;][et_pb_contact_field field_id=&#8221;Name&#8221; field_title=&#8221;\u0130sim&#8221; fullwidth_field=&#8221;on&#8221; _builder_version=&#8221;4.27.4&#8243; global_colors_info=&#8221;{}&#8221; button_text_size__hover_enabled=&#8221;off&#8221; button_one_text_size__hover_enabled=&#8221;off&#8221; button_two_text_size__hover_enabled=&#8221;off&#8221; button_text_color__hover_enabled=&#8221;off&#8221; button_one_text_color__hover_enabled=&#8221;off&#8221; button_two_text_color__hover_enabled=&#8221;off&#8221; button_border_width__hover_enabled=&#8221;off&#8221; button_one_border_width__hover_enabled=&#8221;off&#8221; button_two_border_width__hover_enabled=&#8221;off&#8221; button_border_color__hover_enabled=&#8221;off&#8221; button_one_border_color__hover_enabled=&#8221;off&#8221; button_two_border_color__hover_enabled=&#8221;off&#8221; button_border_radius__hover_enabled=&#8221;off&#8221; button_one_border_radius__hover_enabled=&#8221;off&#8221; button_two_border_radius__hover_enabled=&#8221;off&#8221; button_letter_spacing__hover_enabled=&#8221;off&#8221; button_one_letter_spacing__hover_enabled=&#8221;off&#8221; button_two_letter_spacing__hover_enabled=&#8221;off&#8221; button_bg_color__hover_enabled=&#8221;off&#8221; button_one_bg_color__hover_enabled=&#8221;off&#8221; button_two_bg_color__hover_enabled=&#8221;off&#8221;][\/et_pb_contact_field][et_pb_contact_field field_id=&#8221;Email&#8221; field_title=&#8221;Email&#8221; field_type=&#8221;email&#8221; fullwidth_field=&#8221;on&#8221; _builder_version=&#8221;4.27.4&#8243; global_colors_info=&#8221;{}&#8221; button_text_size__hover_enabled=&#8221;off&#8221; button_one_text_size__hover_enabled=&#8221;off&#8221; button_two_text_size__hover_enabled=&#8221;off&#8221; button_text_color__hover_enabled=&#8221;off&#8221; button_one_text_color__hover_enabled=&#8221;off&#8221; button_two_text_color__hover_enabled=&#8221;off&#8221; button_border_width__hover_enabled=&#8221;off&#8221; button_one_border_width__hover_enabled=&#8221;off&#8221; button_two_border_width__hover_enabled=&#8221;off&#8221; button_border_color__hover_enabled=&#8221;off&#8221; button_one_border_color__hover_enabled=&#8221;off&#8221; button_two_border_color__hover_enabled=&#8221;off&#8221; button_border_radius__hover_enabled=&#8221;off&#8221; button_one_border_radius__hover_enabled=&#8221;off&#8221; button_two_border_radius__hover_enabled=&#8221;off&#8221; button_letter_spacing__hover_enabled=&#8221;off&#8221; button_one_letter_spacing__hover_enabled=&#8221;off&#8221; button_two_letter_spacing__hover_enabled=&#8221;off&#8221; button_bg_color__hover_enabled=&#8221;off&#8221; button_one_bg_color__hover_enabled=&#8221;off&#8221; button_two_bg_color__hover_enabled=&#8221;off&#8221;][\/et_pb_contact_field][et_pb_contact_field field_id=&#8221;Message&#8221; field_title=&#8221;Mesaj\u0131n\u0131&#8221; field_type=&#8221;text&#8221; fullwidth_field=&#8221;on&#8221; _builder_version=&#8221;4.27.4&#8243; global_colors_info=&#8221;{}&#8221; button_text_size__hover_enabled=&#8221;off&#8221; button_one_text_size__hover_enabled=&#8221;off&#8221; button_two_text_size__hover_enabled=&#8221;off&#8221; button_text_color__hover_enabled=&#8221;off&#8221; button_one_text_color__hover_enabled=&#8221;off&#8221; button_two_text_color__hover_enabled=&#8221;off&#8221; button_border_width__hover_enabled=&#8221;off&#8221; button_one_border_width__hover_enabled=&#8221;off&#8221; button_two_border_width__hover_enabled=&#8221;off&#8221; button_border_color__hover_enabled=&#8221;off&#8221; button_one_border_color__hover_enabled=&#8221;off&#8221; button_two_border_color__hover_enabled=&#8221;off&#8221; button_border_radius__hover_enabled=&#8221;off&#8221; button_one_border_radius__hover_enabled=&#8221;off&#8221; button_two_border_radius__hover_enabled=&#8221;off&#8221; button_letter_spacing__hover_enabled=&#8221;off&#8221; button_one_letter_spacing__hover_enabled=&#8221;off&#8221; button_two_letter_spacing__hover_enabled=&#8221;off&#8221; button_bg_color__hover_enabled=&#8221;off&#8221; button_one_bg_color__hover_enabled=&#8221;off&#8221; button_two_bg_color__hover_enabled=&#8221;off&#8221;][\/et_pb_contact_field][\/et_pb_contact_form][\/et_pb_column][\/et_pb_row][\/et_pb_section][et_pb_section fb_built=&#8221;1&#8243; custom_padding_last_edited=&#8221;on|phone&#8221; _builder_version=&#8221;4.24.2&#8243; _module_preset=&#8221;default&#8221; custom_padding=&#8221;0px||0px||true|false&#8221; custom_padding_tablet=&#8221;80px||80px||true|false&#8221; custom_padding_phone=&#8221;40px||40px||true|false&#8221; global_colors_info=&#8221;{}&#8221;][et_pb_row _builder_version=&#8221;4.27.4&#8243; _module_preset=&#8221;default&#8221; width=&#8221;100%&#8221; width_tablet=&#8221;85%&#8221; width_phone=&#8221;90%&#8221; width_last_edited=&#8221;on|phone&#8221; max_width=&#8221;100%&#8221; custom_padding=&#8221;0px||0px||true|false&#8221; border_radii=&#8221;on|16px|16px|16px|16px&#8221; border_width_all=&#8221;1px&#8221; border_color_all=&#8221;#ecefee&#8221; box_shadow_style=&#8221;preset1&#8243; box_shadow_vertical=&#8221;16px&#8221; box_shadow_blur=&#8221;32px&#8221; box_shadow_color=&#8221;rgba(27,92,60,0.08)&#8221; global_colors_info=&#8221;{}&#8221;][et_pb_column type=&#8221;4_4&#8243; _builder_version=&#8221;4.24.2&#8243; _module_preset=&#8221;default&#8221; global_colors_info=&#8221;{}&#8221;][et_pb_code raw_content_tablet=&#8221;<iframe src=\"%22https:\/\/www.google.com\/maps\/embed?pb=!1m18!1m12!1m3!1d183035.29383501792!2d-123.28606665166541!3d44.20858085207717!2m3!1f0!2f0!3f0!3m2!1i1024!2i768!4f13.1!3m3!1m2!1s0x54c055462099c5fb%3A0x7064654e49177937!2sFerguson%20Rd%2C%20Oregon%2097448%2C%20USA!5e0!3m2!1sen!2sbd!4v1711953691006!5m2!1sen!2sbd%22\" width=\"%22700%22\" height=\"%22650%22\" style=\"%22border:0;%22\" allowfullscreen=\"%22%22\" loading=\"%22lazy%22\" referrerpolicy=\"%22no-referrer-when-downgrade%22\"><\/iframe>&#8221; raw_content_phone=&#8221;<iframe src=\"%22https:\/\/www.google.com\/maps\/embed?pb=!1m18!1m12!1m3!1d183035.29383501792!2d-123.28606665166541!3d44.20858085207717!2m3!1f0!2f0!3f0!3m2!1i1024!2i768!4f13.1!3m3!1m2!1s0x54c055462099c5fb%3A0x7064654e49177937!2sFerguson%20Rd%2C%20Oregon%2097448%2C%20USA!5e0!3m2!1sen!2sbd!4v1711953691006!5m2!1sen!2sbd%22\" width=\"%22700%22\" height=\"%22400%22\" style=\"%22border:0;%22\" allowfullscreen=\"%22%22\" loading=\"%22lazy%22\" referrerpolicy=\"%22no-referrer-when-downgrade%22\"><\/iframe>&#8221; raw_content_last_edited=&#8221;on|tablet&#8221; _builder_version=&#8221;4.27.4&#8243; _module_preset=&#8221;default&#8221; hover_enabled=&#8221;0&#8243; custom_css_main_element=&#8221;line-height: 0px;&#8221; global_colors_info=&#8221;{}&#8221; sticky_enabled=&#8221;0&#8243;]<iframe src=\"https:\/\/www.google.com\/maps\/embed?pb=!1m18!1m12!1m3!1d3144.606799008639!2d32.62421677633799!3d37.98630459994607!2m3!1f0!2f0!3f0!3m2!1i1024!2i768!4f13.1!3m3!1m2!1s0x14d093d0268c3aef%3A0x63c8744524a6b6cd!2sSemas%20Makine!5e0!3m2!1str!2str!4v1747331903656!5m2!1str!2str\" width=\"100%\" height=\"650\" style=\"border:0;\" allowfullscreen=\"\" loading=\"lazy\" referrerpolicy=\"no-referrer-when-downgrade\"><\/iframe>[\/et_pb_code][\/et_pb_column][\/et_pb_row][\/et_pb_section]<\/p>","protected":false},"excerpt":{"rendered":"<p><div class=\"et_pb_module difl_breadcrumbs difl_breadcrumbs_0\">\n\t\t\t\t\n\t\t\t\t\n\t\t\t\t\n\t\t\t\t\n\t\t\t\t\n\t\t\t\t\n\t\t\t\t<div class=\"et_pb_module_inner\">\n\t\t\t\t\t<div class=\"df_breadcrumbs_container\">\r\n                             \r\n                            <div class=\"df_breadcrumbs_wrapper\">\r\n                                <ul class=\"df-breadcrumbs\"><li class=\"df-breadcrumbs-item df-breadcrumbs-start\"><a href=\"https:\/\/smssemas.com\/de\/\"  rel=\"home\"><span class=\"df-breadcrumbs-text\"> <span class=\"df-breadcrumbs-home-icon\"><span class=\"et-pb-icon df-home-icon\">&amp;#xe074<\/span><\/span> Startseite <\/span><\/a><\/li><\/ul>\r\n                            <\/div>\r\n\r\n                        <\/div>\n\t\t\t\t<\/div>\n\t\t\t<\/div><div class=\"et_pb_module df_adh_heading df_adh_heading_0\">\n\t\t\t\t\n\t\t\t\t\n\t\t\t\t\n\t\t\t\t\n\t\t\t\t\n\t\t\t\t\n\t\t\t\t<div class=\"et_pb_module_inner\">\n\t\t\t\t\t<div class=\"df-heading-container\">\r\n                \r\n                \r\n                <h2 class=\"df-heading\"><span class=\"prefix\">Mit uns<\/span> <span class=\"infix\">Kontakt<\/span> <\/h2>\r\n                \r\n            <\/div>\n\t\t\t\t<\/div>\n\t\t\t<\/div>SmsSemas olarak sizlere en iyi hizmeti sunmak i\u00e7in [&hellip;]<\/p>","protected":false},"author":1,"featured_media":0,"parent":0,"menu_order":0,"comment_status":"closed","ping_status":"closed","template":"","meta":{"_et_pb_use_builder":"on","_et_pb_old_content":"","_et_gb_content_width":"","footnotes":""},"difl_page_category":[],"class_list":["post-396","page","type-page","status-publish","hentry"],"_links":{"self":[{"href":"https:\/\/smssemas.com\/de\/wp-json\/wp\/v2\/pages\/396","targetHints":{"allow":["GET"]}}],"collection":[{"href":"https:\/\/smssemas.com\/de\/wp-json\/wp\/v2\/pages"}],"about":[{"href":"https:\/\/smssemas.com\/de\/wp-json\/wp\/v2\/types\/page"}],"author":[{"embeddable":true,"href":"https:\/\/smssemas.com\/de\/wp-json\/wp\/v2\/users\/1"}],"replies":[{"embeddable":true,"href":"https:\/\/smssemas.com\/de\/wp-json\/wp\/v2\/comments?post=396"}],"version-history":[{"count":5,"href":"https:\/\/smssemas.com\/de\/wp-json\/wp\/v2\/pages\/396\/revisions"}],"predecessor-version":[{"id":643,"href":"https:\/\/smssemas.com\/de\/wp-json\/wp\/v2\/pages\/396\/revisions\/643"}],"wp:attachment":[{"href":"https:\/\/smssemas.com\/de\/wp-json\/wp\/v2\/media?parent=396"}],"wp:term":[{"taxonomy":"difl_page_category","embeddable":true,"href":"https:\/\/smssemas.com\/de\/wp-json\/wp\/v2\/difl_page_category?post=396"}],"curies":[{"name":"wp","href":"https:\/\/api.w.org\/{rel}","templated":true}]}}